{"id":1094,"date":"2025-01-27T10:21:07","date_gmt":"2025-01-27T10:21:07","guid":{"rendered":"https:\/\/neu.sevenwriters.eu\/?page_id=1094"},"modified":"2025-03-13T12:36:38","modified_gmt":"2025-03-13T12:36:38","slug":"about","status":"publish","type":"page","link":"https:\/\/neu.sevenwriters.eu\/?page_id=1094","title":{"rendered":"About"},"content":{"rendered":"\n<div style=\"height:150px\" aria-hidden=\"true\" class=\"wp-block-spacer\"><\/div>\n\n\n\n<h1 class=\"wp-block-heading has-text-align-center\">Hinter jedem Business steckt eine Story<\/h1>\n\n\n\n<div style=\"height:100px\" aria-hidden=\"true\" class=\"wp-block-spacer\"><\/div>\n\n\n\n<p>Was macht eine professionell ausgebildete Texterin in der Tech-Branche? Verzweifeln! Als kreativer Mensch mit einem H\u00e4ndchen f\u00fcr Worte und Texte schl\u00e4gt man so manches mal die H\u00e4nde \u00fcber dem Kopf zusammen, wenn man Experten sprechen h\u00f6rt oder deren Texte liest. <strong>Die Inhalte sind faszinierend. Aber die Botschaft? Kommt nicht immer an.<\/strong><\/p>\n\n\n\n<p>So erging es Eva Zeis im Jahr 2020 und gr\u00fcndete die Agentur zuerst als kreatives Outlet mit professionellem Anspruch bis sich schnell daraus ein profitables Business entwickelte. Denn funktionierende Texte sind gefragter denn je. <strong>Je mehr sich unser Gesch\u00e4ftsleben in die digitale Welt verlagert, desto professioneller und treffsicherer m\u00fcssen wir uns pr\u00e4sentieren.<\/strong><\/p>\n\n\n\n<p>Heute setzt 7writers Kundenprojekte mit einem Team aus engagierten und erfahrenen Copywritern, Lektoren, Grafikern, Fotografen, Videografen und Marketing-Experten um. Durch starke kommunikative Botschaften, klare Texte und markentreuen Content lassen wir Unternehmen so klingen, dass sie geh\u00f6rt werden.<\/p>\n\n\n\n<div style=\"height:100px\" aria-hidden=\"true\" class=\"wp-block-spacer\"><\/div>\n\n\n\n<div class=\"wp-block-columns is-layout-flex wp-container-core-columns-is-layout-9d6595d7 wp-block-columns-is-layout-flex\">\n<div class=\"wp-block-column is-layout-flow wp-block-column-is-layout-flow\"><div class=\"wp-block-image\">\n<figure class=\"aligncenter size-full is-resized\"><img loading=\"lazy\" decoding=\"async\" width=\"500\" height=\"500\" src=\"https:\/\/neu.sevenwriters.eu\/wp-content\/uploads\/2025\/03\/01_7writers-Textagentur_erklaerungsbeduerftige-Dienstleistungen-vermarkten.png\" alt=\"\" class=\"wp-image-1332\" style=\"object-fit:cover;width:200px;height:200px\" srcset=\"https:\/\/neu.sevenwriters.eu\/wp-content\/uploads\/2025\/03\/01_7writers-Textagentur_erklaerungsbeduerftige-Dienstleistungen-vermarkten.png 500w, https:\/\/neu.sevenwriters.eu\/wp-content\/uploads\/2025\/03\/01_7writers-Textagentur_erklaerungsbeduerftige-Dienstleistungen-vermarkten-300x300.png 300w, https:\/\/neu.sevenwriters.eu\/wp-content\/uploads\/2025\/03\/01_7writers-Textagentur_erklaerungsbeduerftige-Dienstleistungen-vermarkten-150x150.png 150w\" sizes=\"auto, (max-width: 500px) 100vw, 500px\" \/><\/figure>\n<\/div>\n\n\n<div class=\"wp-block-stackable-heading stk-block-heading stk-block-heading--v2 stk-block stk-ffe4a2a\" id=\"leidenschaftlich\" data-block-id=\"ffe4a2a\"><style>.stk-ffe4a2a .stk-block-heading__text{text-transform:uppercase !important;}<\/style><h3 class=\"stk-block-heading__text has-text-align-center\">leidenschaftlich<\/h3><\/div>\n\n\n\n<p class=\"has-text-align-center\">Wir schreiben mit Liebe. Denn Texten ist nicht nur ein Handwerk, sondern unsere Leidenschaft.<\/p>\n<\/div>\n\n\n\n<div class=\"wp-block-column is-layout-flow wp-block-column-is-layout-flow\"><div class=\"wp-block-image\">\n<figure class=\"aligncenter size-full is-resized\"><img loading=\"lazy\" decoding=\"async\" width=\"500\" height=\"500\" src=\"https:\/\/neu.sevenwriters.eu\/wp-content\/uploads\/2025\/03\/02_7writers-Textagentur_erklaerungsbeduerftige-Produkte-vermarkten.png\" alt=\"\" class=\"wp-image-1333\" style=\"object-fit:cover;width:200px;height:200px\" srcset=\"https:\/\/neu.sevenwriters.eu\/wp-content\/uploads\/2025\/03\/02_7writers-Textagentur_erklaerungsbeduerftige-Produkte-vermarkten.png 500w, https:\/\/neu.sevenwriters.eu\/wp-content\/uploads\/2025\/03\/02_7writers-Textagentur_erklaerungsbeduerftige-Produkte-vermarkten-300x300.png 300w, https:\/\/neu.sevenwriters.eu\/wp-content\/uploads\/2025\/03\/02_7writers-Textagentur_erklaerungsbeduerftige-Produkte-vermarkten-150x150.png 150w\" sizes=\"auto, (max-width: 500px) 100vw, 500px\" \/><\/figure>\n<\/div>\n\n\n<div class=\"wp-block-stackable-heading stk-block-heading stk-block-heading--v2 stk-block stk-18142cf\" id=\"professionell\" data-block-id=\"18142cf\"><style>.stk-18142cf .stk-block-heading__text{text-transform:uppercase !important;}<\/style><h3 class=\"stk-block-heading__text has-text-align-center\">professionell<\/h3><\/div>\n\n\n\n<p class=\"has-text-align-center\">Professionelle Texte klingen nicht nur gut, sie wirken. Mit den richtigen Worten erreichst du dein Ziel.<\/p>\n<\/div>\n\n\n\n<div class=\"wp-block-column is-layout-flow wp-block-column-is-layout-flow\"><div class=\"wp-block-image\">\n<figure class=\"aligncenter size-full is-resized\"><img loading=\"lazy\" decoding=\"async\" width=\"500\" height=\"500\" src=\"https:\/\/neu.sevenwriters.eu\/wp-content\/uploads\/2025\/03\/03_7writers-Textagentur_erklaerungsbeduerftige-Branchen-vermarkten.png\" alt=\"\" class=\"wp-image-1334\" style=\"object-fit:cover;width:200px;height:200px\" srcset=\"https:\/\/neu.sevenwriters.eu\/wp-content\/uploads\/2025\/03\/03_7writers-Textagentur_erklaerungsbeduerftige-Branchen-vermarkten.png 500w, https:\/\/neu.sevenwriters.eu\/wp-content\/uploads\/2025\/03\/03_7writers-Textagentur_erklaerungsbeduerftige-Branchen-vermarkten-300x300.png 300w, https:\/\/neu.sevenwriters.eu\/wp-content\/uploads\/2025\/03\/03_7writers-Textagentur_erklaerungsbeduerftige-Branchen-vermarkten-150x150.png 150w\" sizes=\"auto, (max-width: 500px) 100vw, 500px\" \/><\/figure>\n<\/div>\n\n\n<div class=\"wp-block-stackable-heading stk-block-heading stk-block-heading--v2 stk-block stk-45a8a50\" id=\"individuell\" data-block-id=\"45a8a50\"><style>.stk-45a8a50 .stk-block-heading__text{text-transform:uppercase !important;}<\/style><h3 class=\"stk-block-heading__text has-text-align-center\">individuell<\/h3><\/div>\n\n\n\n<p class=\"has-text-align-center\">Jeder Auftrag ist individuell \u2013 und so ist auch der Text. Massenabfertigung gibt es bei uns nicht.<\/p>\n<\/div>\n<\/div>\n\n\n\n<div style=\"height:100px\" aria-hidden=\"true\" class=\"wp-block-spacer\"><\/div>\n\n\n\n<div class=\"wp-block-stackable-image stk-block-image stk-block stk-03b131d\" data-block-id=\"03b131d\"><style>.stk-03b131d .stk-img-figcaption{text-align:center !important;}.stk-03b131d .stk-img-wrapper{filter:drop-shadow(none) !important;}.stk-03b131d .stk-img-wrapper img{border-radius:83px !important;}<\/style><figure><span class=\"stk-img-wrapper stk-image--shape-stretch stk--shadow-none\"><img loading=\"lazy\" decoding=\"async\" class=\"stk-img wp-image-1338\" src=\"https:\/\/neu.sevenwriters.eu\/wp-content\/uploads\/2025\/03\/Eva-Zeis-scaled.jpg\" width=\"2560\" height=\"1707\" alt=\"Eva Zeis\" srcset=\"https:\/\/neu.sevenwriters.eu\/wp-content\/uploads\/2025\/03\/Eva-Zeis-scaled.jpg 2560w, https:\/\/neu.sevenwriters.eu\/wp-content\/uploads\/2025\/03\/Eva-Zeis-300x200.jpg 300w, https:\/\/neu.sevenwriters.eu\/wp-content\/uploads\/2025\/03\/Eva-Zeis-1024x683.jpg 1024w, https:\/\/neu.sevenwriters.eu\/wp-content\/uploads\/2025\/03\/Eva-Zeis-768x512.jpg 768w, https:\/\/neu.sevenwriters.eu\/wp-content\/uploads\/2025\/03\/Eva-Zeis-1536x1024.jpg 1536w, https:\/\/neu.sevenwriters.eu\/wp-content\/uploads\/2025\/03\/Eva-Zeis-2048x1365.jpg 2048w, https:\/\/neu.sevenwriters.eu\/wp-content\/uploads\/2025\/03\/Eva-Zeis-930x620.jpg 930w\" sizes=\"auto, (max-width: 2560px) 100vw, 2560px\" \/><\/span><figcaption class=\"stk-img-figcaption\">Eva Zeis, Gr\u00fcnderin 7writers<\/figcaption><\/figure><\/div>\n\n\n\n<div style=\"height:100px\" aria-hidden=\"true\" class=\"wp-block-spacer\"><\/div>\n\n\n\n<h2 class=\"wp-block-heading has-text-align-center\">Du willst mit uns zusammenarbeiten? <\/h2>\n\n\n\n<div class=\"wp-block-buttons is-content-justification-center is-layout-flex wp-container-core-buttons-is-layout-16018d1d wp-block-buttons-is-layout-flex\">\n<div class=\"wp-block-button is-style-primary\"><a class=\"wp-block-button__link has-text-align-center wp-element-button\" href=\"https:\/\/sevenwriters-515169571363961145.myfreshworks.com\/crm\/sales\/web_forms\/0450168b8482119904aa74454a1f51065f0184b1e40ca39ef93c6e48078a0592\/form.html%20\">SCHREIB UNS<\/a><\/div>\n<\/div>\n\n\n\n<p><\/p>\n\n\n\n<div style=\"height:100px\" aria-hidden=\"true\" class=\"wp-block-spacer\"><\/div>\n","protected":false},"excerpt":{"rendered":"<p>Hinter jedem Business steckt eine Story Was macht eine professionell ausgebildete Texterin in der Tech-Branche? Verzweifeln! Als kreativer Mensch mit einem H\u00e4ndchen f\u00fcr Worte und Texte schl\u00e4gt man so manches mal die H\u00e4nde \u00fcber dem Kopf zusammen, wenn man Experten sprechen h\u00f6rt oder deren Texte liest. Die Inhalte sind faszinierend. Aber die Botschaft? Kommt nicht&hellip;&nbsp;<a href=\"https:\/\/neu.sevenwriters.eu\/?page_id=1094\" rel=\"bookmark\">Read More &raquo;<span class=\"screen-reader-text\">About<\/span><\/a><\/p>\n","protected":false},"author":1,"featured_media":0,"parent":0,"menu_order":0,"comment_status":"closed","ping_status":"closed","template":"","meta":{"neve_meta_sidebar":"","neve_meta_container":"","neve_meta_enable_content_width":"","neve_meta_content_width":0,"neve_meta_title_alignment":"","neve_meta_author_avatar":"","neve_post_elements_order":"","neve_meta_disable_header":"","neve_meta_disable_footer":"","neve_meta_disable_title":"on","neve_meta_reading_time":"","_themeisle_gutenberg_block_has_review":false,"footnotes":""},"class_list":["post-1094","page","type-page","status-publish","hentry"],"yoast_head":"<!-- This site is optimized with the Yoast SEO plugin v24.6 - https:\/\/yoast.com\/wordpress\/plugins\/seo\/ -->\n<title>About - 7writers Textagentur<\/title>\n<meta name=\"description\" content=\"7writers Textagentur - Technical Copywriting &amp; Workshops f\u00fcr erkl\u00e4rungsbed\u00fcrftige Branchen. Jetzt mehr lesen!\" \/>\n<meta name=\"robots\" content=\"index, follow, max-snippet:-1, max-image-preview:large, max-video-preview:-1\" \/>\n<link rel=\"canonical\" href=\"https:\/\/neu.sevenwriters.eu\/?page_id=1094\" \/>\n<meta property=\"og:locale\" content=\"de_DE\" \/>\n<meta property=\"og:type\" content=\"article\" \/>\n<meta property=\"og:title\" content=\"About - 7writers Textagentur\" \/>\n<meta property=\"og:description\" content=\"7writers Textagentur - Technical Copywriting &amp; Workshops f\u00fcr erkl\u00e4rungsbed\u00fcrftige Branchen. Jetzt mehr lesen!\" \/>\n<meta property=\"og:url\" content=\"https:\/\/neu.sevenwriters.eu\/?page_id=1094\" \/>\n<meta property=\"og:site_name\" content=\"7writers Textagentur\" \/>\n<meta property=\"article:modified_time\" content=\"2025-03-13T12:36:38+00:00\" \/>\n<meta property=\"og:image\" content=\"https:\/\/neu.sevenwriters.eu\/wp-content\/uploads\/2025\/03\/01_7writers-Textagentur_erklaerungsbeduerftige-Dienstleistungen-vermarkten.png\" \/>\n\t<meta property=\"og:image:width\" content=\"500\" \/>\n\t<meta property=\"og:image:height\" content=\"500\" \/>\n\t<meta property=\"og:image:type\" content=\"image\/png\" \/>\n<meta name=\"twitter:card\" content=\"summary_large_image\" \/>\n<meta name=\"twitter:label1\" content=\"Gesch\u00e4tzte Lesezeit\" \/>\n\t<meta name=\"twitter:data1\" content=\"2 Minuten\" \/>\n<script type=\"application\/ld+json\" class=\"yoast-schema-graph\">{\"@context\":\"https:\/\/schema.org\",\"@graph\":[{\"@type\":\"WebPage\",\"@id\":\"https:\/\/neu.sevenwriters.eu\/?page_id=1094\",\"url\":\"https:\/\/neu.sevenwriters.eu\/?page_id=1094\",\"name\":\"About - 7writers Textagentur\",\"isPartOf\":{\"@id\":\"https:\/\/neu.sevenwriters.eu\/#website\"},\"primaryImageOfPage\":{\"@id\":\"https:\/\/neu.sevenwriters.eu\/?page_id=1094#primaryimage\"},\"image\":{\"@id\":\"https:\/\/neu.sevenwriters.eu\/?page_id=1094#primaryimage\"},\"thumbnailUrl\":\"https:\/\/neu.sevenwriters.eu\/wp-content\/uploads\/2025\/03\/01_7writers-Textagentur_erklaerungsbeduerftige-Dienstleistungen-vermarkten.png\",\"datePublished\":\"2025-01-27T10:21:07+00:00\",\"dateModified\":\"2025-03-13T12:36:38+00:00\",\"description\":\"7writers Textagentur - Technical Copywriting & Workshops f\u00fcr erkl\u00e4rungsbed\u00fcrftige Branchen. Jetzt mehr lesen!\",\"breadcrumb\":{\"@id\":\"https:\/\/neu.sevenwriters.eu\/?page_id=1094#breadcrumb\"},\"inLanguage\":\"de-AT\",\"potentialAction\":[{\"@type\":\"ReadAction\",\"target\":[\"https:\/\/neu.sevenwriters.eu\/?page_id=1094\"]}]},{\"@type\":\"ImageObject\",\"inLanguage\":\"de-AT\",\"@id\":\"https:\/\/neu.sevenwriters.eu\/?page_id=1094#primaryimage\",\"url\":\"https:\/\/neu.sevenwriters.eu\/wp-content\/uploads\/2025\/03\/01_7writers-Textagentur_erklaerungsbeduerftige-Dienstleistungen-vermarkten.png\",\"contentUrl\":\"https:\/\/neu.sevenwriters.eu\/wp-content\/uploads\/2025\/03\/01_7writers-Textagentur_erklaerungsbeduerftige-Dienstleistungen-vermarkten.png\",\"width\":500,\"height\":500},{\"@type\":\"BreadcrumbList\",\"@id\":\"https:\/\/neu.sevenwriters.eu\/?page_id=1094#breadcrumb\",\"itemListElement\":[{\"@type\":\"ListItem\",\"position\":1,\"name\":\"Startseite\",\"item\":\"https:\/\/neu.sevenwriters.eu\/\"},{\"@type\":\"ListItem\",\"position\":2,\"name\":\"About\"}]},{\"@type\":\"WebSite\",\"@id\":\"https:\/\/neu.sevenwriters.eu\/#website\",\"url\":\"https:\/\/neu.sevenwriters.eu\/\",\"name\":\"7writers Textagentur\",\"description\":\"\",\"publisher\":{\"@id\":\"https:\/\/neu.sevenwriters.eu\/#organization\"},\"potentialAction\":[{\"@type\":\"SearchAction\",\"target\":{\"@type\":\"EntryPoint\",\"urlTemplate\":\"https:\/\/neu.sevenwriters.eu\/?s={search_term_string}\"},\"query-input\":{\"@type\":\"PropertyValueSpecification\",\"valueRequired\":true,\"valueName\":\"search_term_string\"}}],\"inLanguage\":\"de-AT\"},{\"@type\":\"Organization\",\"@id\":\"https:\/\/neu.sevenwriters.eu\/#organization\",\"name\":\"7writers Textagentur\",\"url\":\"https:\/\/neu.sevenwriters.eu\/\",\"logo\":{\"@type\":\"ImageObject\",\"inLanguage\":\"de-AT\",\"@id\":\"https:\/\/neu.sevenwriters.eu\/#\/schema\/logo\/image\/\",\"url\":\"https:\/\/neu.sevenwriters.eu\/wp-content\/uploads\/2020\/12\/web-agency-logo-3.png\",\"contentUrl\":\"https:\/\/neu.sevenwriters.eu\/wp-content\/uploads\/2020\/12\/web-agency-logo-3.png\",\"width\":200,\"height\":200,\"caption\":\"7writers Textagentur\"},\"image\":{\"@id\":\"https:\/\/neu.sevenwriters.eu\/#\/schema\/logo\/image\/\"}}]}<\/script>\n<!-- \/ Yoast SEO plugin. -->","yoast_head_json":{"title":"About - 7writers Textagentur","description":"7writers Textagentur - Technical Copywriting & Workshops f\u00fcr erkl\u00e4rungsbed\u00fcrftige Branchen. Jetzt mehr lesen!","robots":{"index":"index","follow":"follow","max-snippet":"max-snippet:-1","max-image-preview":"max-image-preview:large","max-video-preview":"max-video-preview:-1"},"canonical":"https:\/\/neu.sevenwriters.eu\/?page_id=1094","og_locale":"de_DE","og_type":"article","og_title":"About - 7writers Textagentur","og_description":"7writers Textagentur - Technical Copywriting & Workshops f\u00fcr erkl\u00e4rungsbed\u00fcrftige Branchen. Jetzt mehr lesen!","og_url":"https:\/\/neu.sevenwriters.eu\/?page_id=1094","og_site_name":"7writers Textagentur","article_modified_time":"2025-03-13T12:36:38+00:00","og_image":[{"width":500,"height":500,"url":"https:\/\/neu.sevenwriters.eu\/wp-content\/uploads\/2025\/03\/01_7writers-Textagentur_erklaerungsbeduerftige-Dienstleistungen-vermarkten.png","type":"image\/png"}],"twitter_card":"summary_large_image","twitter_misc":{"Gesch\u00e4tzte Lesezeit":"2 Minuten"},"schema":{"@context":"https:\/\/schema.org","@graph":[{"@type":"WebPage","@id":"https:\/\/neu.sevenwriters.eu\/?page_id=1094","url":"https:\/\/neu.sevenwriters.eu\/?page_id=1094","name":"About - 7writers Textagentur","isPartOf":{"@id":"https:\/\/neu.sevenwriters.eu\/#website"},"primaryImageOfPage":{"@id":"https:\/\/neu.sevenwriters.eu\/?page_id=1094#primaryimage"},"image":{"@id":"https:\/\/neu.sevenwriters.eu\/?page_id=1094#primaryimage"},"thumbnailUrl":"https:\/\/neu.sevenwriters.eu\/wp-content\/uploads\/2025\/03\/01_7writers-Textagentur_erklaerungsbeduerftige-Dienstleistungen-vermarkten.png","datePublished":"2025-01-27T10:21:07+00:00","dateModified":"2025-03-13T12:36:38+00:00","description":"7writers Textagentur - Technical Copywriting & Workshops f\u00fcr erkl\u00e4rungsbed\u00fcrftige Branchen. Jetzt mehr lesen!","breadcrumb":{"@id":"https:\/\/neu.sevenwriters.eu\/?page_id=1094#breadcrumb"},"inLanguage":"de-AT","potentialAction":[{"@type":"ReadAction","target":["https:\/\/neu.sevenwriters.eu\/?page_id=1094"]}]},{"@type":"ImageObject","inLanguage":"de-AT","@id":"https:\/\/neu.sevenwriters.eu\/?page_id=1094#primaryimage","url":"https:\/\/neu.sevenwriters.eu\/wp-content\/uploads\/2025\/03\/01_7writers-Textagentur_erklaerungsbeduerftige-Dienstleistungen-vermarkten.png","contentUrl":"https:\/\/neu.sevenwriters.eu\/wp-content\/uploads\/2025\/03\/01_7writers-Textagentur_erklaerungsbeduerftige-Dienstleistungen-vermarkten.png","width":500,"height":500},{"@type":"BreadcrumbList","@id":"https:\/\/neu.sevenwriters.eu\/?page_id=1094#breadcrumb","itemListElement":[{"@type":"ListItem","position":1,"name":"Startseite","item":"https:\/\/neu.sevenwriters.eu\/"},{"@type":"ListItem","position":2,"name":"About"}]},{"@type":"WebSite","@id":"https:\/\/neu.sevenwriters.eu\/#website","url":"https:\/\/neu.sevenwriters.eu\/","name":"7writers Textagentur","description":"","publisher":{"@id":"https:\/\/neu.sevenwriters.eu\/#organization"},"potentialAction":[{"@type":"SearchAction","target":{"@type":"EntryPoint","urlTemplate":"https:\/\/neu.sevenwriters.eu\/?s={search_term_string}"},"query-input":{"@type":"PropertyValueSpecification","valueRequired":true,"valueName":"search_term_string"}}],"inLanguage":"de-AT"},{"@type":"Organization","@id":"https:\/\/neu.sevenwriters.eu\/#organization","name":"7writers Textagentur","url":"https:\/\/neu.sevenwriters.eu\/","logo":{"@type":"ImageObject","inLanguage":"de-AT","@id":"https:\/\/neu.sevenwriters.eu\/#\/schema\/logo\/image\/","url":"https:\/\/neu.sevenwriters.eu\/wp-content\/uploads\/2020\/12\/web-agency-logo-3.png","contentUrl":"https:\/\/neu.sevenwriters.eu\/wp-content\/uploads\/2020\/12\/web-agency-logo-3.png","width":200,"height":200,"caption":"7writers Textagentur"},"image":{"@id":"https:\/\/neu.sevenwriters.eu\/#\/schema\/logo\/image\/"}}]}},"_links":{"self":[{"href":"https:\/\/neu.sevenwriters.eu\/index.php?rest_route=\/wp\/v2\/pages\/1094","targetHints":{"allow":["GET"]}}],"collection":[{"href":"https:\/\/neu.sevenwriters.eu\/index.php?rest_route=\/wp\/v2\/pages"}],"about":[{"href":"https:\/\/neu.sevenwriters.eu\/index.php?rest_route=\/wp\/v2\/types\/page"}],"author":[{"embeddable":true,"href":"https:\/\/neu.sevenwriters.eu\/index.php?rest_route=\/wp\/v2\/users\/1"}],"replies":[{"embeddable":true,"href":"https:\/\/neu.sevenwriters.eu\/index.php?rest_route=%2Fwp%2Fv2%2Fcomments&post=1094"}],"version-history":[{"count":4,"href":"https:\/\/neu.sevenwriters.eu\/index.php?rest_route=\/wp\/v2\/pages\/1094\/revisions"}],"predecessor-version":[{"id":1341,"href":"https:\/\/neu.sevenwriters.eu\/index.php?rest_route=\/wp\/v2\/pages\/1094\/revisions\/1341"}],"wp:attachment":[{"href":"https:\/\/neu.sevenwriters.eu\/index.php?rest_route=%2Fwp%2Fv2%2Fmedia&parent=1094"}],"curies":[{"name":"wp","href":"https:\/\/api.w.org\/{rel}","templated":true}]}}