{"id":1090,"date":"2025-01-27T10:21:07","date_gmt":"2025-01-27T10:21:07","guid":{"rendered":"https:\/\/neu.sevenwriters.eu\/?page_id=1090"},"modified":"2025-03-13T12:38:47","modified_gmt":"2025-03-13T12:38:47","slug":"impressum","status":"publish","type":"page","link":"https:\/\/neu.sevenwriters.eu\/?page_id=1090","title":{"rendered":"Impressum"},"content":{"rendered":"\n<p>Informationspflicht laut \u00a75 E-Commerce Gesetz, \u00a714 Unternehmensgesetzbuch, \u00a763 Gewerbeordnung und Offenlegungspflicht laut \u00a725 Mediengesetz.<\/p>\n\n\n\n<p><strong>7writers e.U.<\/strong><br>Eva Zeis<br>Schlachthausgasse 16\/28,<br>1030 Wien,<br>\u00d6sterreich<\/p>\n\n\n\n<p><strong>Unternehmensgegenstand:<\/strong> Text- und \u00dcbersetzungsservice<br><strong>Firmenbuchnummer:<\/strong> 537655<br><strong>Firmenbuchgericht:<\/strong> Handelsgericht Wien<br><strong>Firmensitz:<\/strong> 1030 Wien<\/p>\n\n\n\n<p><strong>E-Mail:<\/strong> <a href=\"mailto:office@sevenwriters.eu\">office@sevenwriters.eu<\/a><\/p>\n\n\n\n<p><strong>Mitglied bei:<\/strong> WKO Wien<\/p>\n\n\n\n<p><strong>Verleihungsstaat:<\/strong> \u00d6sterreich<\/p>\n\n\n\n<h2 class=\"wp-block-heading\">EU-Streitschlichtung<\/h2>\n\n\n\n<p>Gem\u00e4\u00df Verordnung \u00fcber Online-Streitbeilegung in Verbraucherangelegenheiten (ODR-Verordnung) m\u00f6chten wir Sie \u00fcber die Online-Streitbeilegungsplattform (OS-Plattform) informieren.<br>Verbraucher haben die M\u00f6glichkeit, Beschwerden an die Online Streitbeilegungsplattform der Europ\u00e4ischen Kommission unter <a href=\"https:\/\/ec.europa.eu\/consumers\/odr\/main\/index.cfm?event=main.home2.show&#038;lng=DE\" target=\"_blank\" rel=\"noreferrer noopener\">http:\/\/ec.europa.eu\/odr?tid=221131892<\/a> zu richten. Die daf\u00fcr notwendigen Kontaktdaten finden Sie oberhalb in unserem Impressum.<\/p>\n\n\n\n<p>Wir m\u00f6chten Sie jedoch darauf hinweisen, dass wir nicht bereit oder verpflichtet sind, an Streitbeilegungsverfahren vor einer Verbraucherschlichtungsstelle teilzunehmen.<\/p>\n","protected":false},"excerpt":{"rendered":"<p>Informationspflicht laut \u00a75 E-Commerce Gesetz, \u00a714 Unternehmensgesetzbuch, \u00a763 Gewerbeordnung und Offenlegungspflicht laut \u00a725 Mediengesetz. 7writers e.U.Eva ZeisSchlachthausgasse 16\/28,1030 Wien,\u00d6sterreich Unternehmensgegenstand: Text- und \u00dcbersetzungsserviceFirmenbuchnummer: 537655Firmenbuchgericht: Handelsgericht WienFirmensitz: 1030 Wien E-Mail: office@sevenwriters.eu Mitglied bei: WKO Wien Verleihungsstaat: \u00d6sterreich EU-Streitschlichtung Gem\u00e4\u00df Verordnung \u00fcber Online-Streitbeilegung in Verbraucherangelegenheiten (ODR-Verordnung) m\u00f6chten wir Sie \u00fcber die Online-Streitbeilegungsplattform (OS-Plattform) informieren.Verbraucher haben die M\u00f6glichkeit,&hellip;&nbsp;<a href=\"https:\/\/neu.sevenwriters.eu\/?page_id=1090\" rel=\"bookmark\">Read More &raquo;<span class=\"screen-reader-text\">Impressum<\/span><\/a><\/p>\n","protected":false},"author":1,"featured_media":0,"parent":0,"menu_order":0,"comment_status":"closed","ping_status":"closed","template":"","meta":{"neve_meta_sidebar":"","neve_meta_container":"","neve_meta_enable_content_width":"","neve_meta_content_width":0,"neve_meta_title_alignment":"","neve_meta_author_avatar":"","neve_post_elements_order":"","neve_meta_disable_header":"","neve_meta_disable_footer":"","neve_meta_disable_title":"","neve_meta_reading_time":"","_themeisle_gutenberg_block_has_review":false,"footnotes":""},"class_list":["post-1090","page","type-page","status-publish","hentry"],"yoast_head":"<!-- This site is optimized with the Yoast SEO plugin v24.6 - https:\/\/yoast.com\/wordpress\/plugins\/seo\/ -->\n<title>Impressum - 7writers Textagentur<\/title>\n<meta name=\"robots\" content=\"index, follow, max-snippet:-1, max-image-preview:large, max-video-preview:-1\" \/>\n<link rel=\"canonical\" href=\"https:\/\/neu.sevenwriters.eu\/?page_id=1090\" \/>\n<meta property=\"og:locale\" content=\"de_DE\" \/>\n<meta property=\"og:type\" content=\"article\" \/>\n<meta property=\"og:title\" content=\"Impressum - 7writers Textagentur\" \/>\n<meta property=\"og:description\" content=\"Informationspflicht laut \u00a75 E-Commerce Gesetz, \u00a714 Unternehmensgesetzbuch, \u00a763 Gewerbeordnung und Offenlegungspflicht laut \u00a725 Mediengesetz. 7writers e.U.Eva ZeisSchlachthausgasse 16\/28,1030 Wien,\u00d6sterreich Unternehmensgegenstand: Text- und \u00dcbersetzungsserviceFirmenbuchnummer: 537655Firmenbuchgericht: Handelsgericht WienFirmensitz: 1030 Wien E-Mail: office@sevenwriters.eu Mitglied bei: WKO Wien Verleihungsstaat: \u00d6sterreich EU-Streitschlichtung Gem\u00e4\u00df Verordnung \u00fcber Online-Streitbeilegung in Verbraucherangelegenheiten (ODR-Verordnung) m\u00f6chten wir Sie \u00fcber die Online-Streitbeilegungsplattform (OS-Plattform) informieren.Verbraucher haben die M\u00f6glichkeit,&hellip;&nbsp;Read More &raquo;Impressum\" \/>\n<meta property=\"og:url\" content=\"https:\/\/neu.sevenwriters.eu\/?page_id=1090\" \/>\n<meta property=\"og:site_name\" content=\"7writers Textagentur\" \/>\n<meta property=\"article:modified_time\" content=\"2025-03-13T12:38:47+00:00\" \/>\n<meta name=\"twitter:card\" content=\"summary_large_image\" \/>\n<meta name=\"twitter:label1\" content=\"Gesch\u00e4tzte Lesezeit\" \/>\n\t<meta name=\"twitter:data1\" content=\"1 Minute\" \/>\n<script type=\"application\/ld+json\" class=\"yoast-schema-graph\">{\"@context\":\"https:\/\/schema.org\",\"@graph\":[{\"@type\":\"WebPage\",\"@id\":\"https:\/\/neu.sevenwriters.eu\/?page_id=1090\",\"url\":\"https:\/\/neu.sevenwriters.eu\/?page_id=1090\",\"name\":\"Impressum - 7writers Textagentur\",\"isPartOf\":{\"@id\":\"https:\/\/neu.sevenwriters.eu\/#website\"},\"datePublished\":\"2025-01-27T10:21:07+00:00\",\"dateModified\":\"2025-03-13T12:38:47+00:00\",\"breadcrumb\":{\"@id\":\"https:\/\/neu.sevenwriters.eu\/?page_id=1090#breadcrumb\"},\"inLanguage\":\"de-AT\",\"potentialAction\":[{\"@type\":\"ReadAction\",\"target\":[\"https:\/\/neu.sevenwriters.eu\/?page_id=1090\"]}]},{\"@type\":\"BreadcrumbList\",\"@id\":\"https:\/\/neu.sevenwriters.eu\/?page_id=1090#breadcrumb\",\"itemListElement\":[{\"@type\":\"ListItem\",\"position\":1,\"name\":\"Startseite\",\"item\":\"https:\/\/neu.sevenwriters.eu\/\"},{\"@type\":\"ListItem\",\"position\":2,\"name\":\"Impressum\"}]},{\"@type\":\"WebSite\",\"@id\":\"https:\/\/neu.sevenwriters.eu\/#website\",\"url\":\"https:\/\/neu.sevenwriters.eu\/\",\"name\":\"7writers Textagentur\",\"description\":\"\",\"publisher\":{\"@id\":\"https:\/\/neu.sevenwriters.eu\/#organization\"},\"potentialAction\":[{\"@type\":\"SearchAction\",\"target\":{\"@type\":\"EntryPoint\",\"urlTemplate\":\"https:\/\/neu.sevenwriters.eu\/?s={search_term_string}\"},\"query-input\":{\"@type\":\"PropertyValueSpecification\",\"valueRequired\":true,\"valueName\":\"search_term_string\"}}],\"inLanguage\":\"de-AT\"},{\"@type\":\"Organization\",\"@id\":\"https:\/\/neu.sevenwriters.eu\/#organization\",\"name\":\"7writers Textagentur\",\"url\":\"https:\/\/neu.sevenwriters.eu\/\",\"logo\":{\"@type\":\"ImageObject\",\"inLanguage\":\"de-AT\",\"@id\":\"https:\/\/neu.sevenwriters.eu\/#\/schema\/logo\/image\/\",\"url\":\"https:\/\/neu.sevenwriters.eu\/wp-content\/uploads\/2020\/12\/web-agency-logo-3.png\",\"contentUrl\":\"https:\/\/neu.sevenwriters.eu\/wp-content\/uploads\/2020\/12\/web-agency-logo-3.png\",\"width\":200,\"height\":200,\"caption\":\"7writers Textagentur\"},\"image\":{\"@id\":\"https:\/\/neu.sevenwriters.eu\/#\/schema\/logo\/image\/\"}}]}<\/script>\n<!-- \/ Yoast SEO plugin. -->","yoast_head_json":{"title":"Impressum - 7writers Textagentur","robots":{"index":"index","follow":"follow","max-snippet":"max-snippet:-1","max-image-preview":"max-image-preview:large","max-video-preview":"max-video-preview:-1"},"canonical":"https:\/\/neu.sevenwriters.eu\/?page_id=1090","og_locale":"de_DE","og_type":"article","og_title":"Impressum - 7writers Textagentur","og_description":"Informationspflicht laut \u00a75 E-Commerce Gesetz, \u00a714 Unternehmensgesetzbuch, \u00a763 Gewerbeordnung und Offenlegungspflicht laut \u00a725 Mediengesetz. 7writers e.U.Eva ZeisSchlachthausgasse 16\/28,1030 Wien,\u00d6sterreich Unternehmensgegenstand: Text- und \u00dcbersetzungsserviceFirmenbuchnummer: 537655Firmenbuchgericht: Handelsgericht WienFirmensitz: 1030 Wien E-Mail: office@sevenwriters.eu Mitglied bei: WKO Wien Verleihungsstaat: \u00d6sterreich EU-Streitschlichtung Gem\u00e4\u00df Verordnung \u00fcber Online-Streitbeilegung in Verbraucherangelegenheiten (ODR-Verordnung) m\u00f6chten wir Sie \u00fcber die Online-Streitbeilegungsplattform (OS-Plattform) informieren.Verbraucher haben die M\u00f6glichkeit,&hellip;&nbsp;Read More &raquo;Impressum","og_url":"https:\/\/neu.sevenwriters.eu\/?page_id=1090","og_site_name":"7writers Textagentur","article_modified_time":"2025-03-13T12:38:47+00:00","twitter_card":"summary_large_image","twitter_misc":{"Gesch\u00e4tzte Lesezeit":"1 Minute"},"schema":{"@context":"https:\/\/schema.org","@graph":[{"@type":"WebPage","@id":"https:\/\/neu.sevenwriters.eu\/?page_id=1090","url":"https:\/\/neu.sevenwriters.eu\/?page_id=1090","name":"Impressum - 7writers Textagentur","isPartOf":{"@id":"https:\/\/neu.sevenwriters.eu\/#website"},"datePublished":"2025-01-27T10:21:07+00:00","dateModified":"2025-03-13T12:38:47+00:00","breadcrumb":{"@id":"https:\/\/neu.sevenwriters.eu\/?page_id=1090#breadcrumb"},"inLanguage":"de-AT","potentialAction":[{"@type":"ReadAction","target":["https:\/\/neu.sevenwriters.eu\/?page_id=1090"]}]},{"@type":"BreadcrumbList","@id":"https:\/\/neu.sevenwriters.eu\/?page_id=1090#breadcrumb","itemListElement":[{"@type":"ListItem","position":1,"name":"Startseite","item":"https:\/\/neu.sevenwriters.eu\/"},{"@type":"ListItem","position":2,"name":"Impressum"}]},{"@type":"WebSite","@id":"https:\/\/neu.sevenwriters.eu\/#website","url":"https:\/\/neu.sevenwriters.eu\/","name":"7writers Textagentur","description":"","publisher":{"@id":"https:\/\/neu.sevenwriters.eu\/#organization"},"potentialAction":[{"@type":"SearchAction","target":{"@type":"EntryPoint","urlTemplate":"https:\/\/neu.sevenwriters.eu\/?s={search_term_string}"},"query-input":{"@type":"PropertyValueSpecification","valueRequired":true,"valueName":"search_term_string"}}],"inLanguage":"de-AT"},{"@type":"Organization","@id":"https:\/\/neu.sevenwriters.eu\/#organization","name":"7writers Textagentur","url":"https:\/\/neu.sevenwriters.eu\/","logo":{"@type":"ImageObject","inLanguage":"de-AT","@id":"https:\/\/neu.sevenwriters.eu\/#\/schema\/logo\/image\/","url":"https:\/\/neu.sevenwriters.eu\/wp-content\/uploads\/2020\/12\/web-agency-logo-3.png","contentUrl":"https:\/\/neu.sevenwriters.eu\/wp-content\/uploads\/2020\/12\/web-agency-logo-3.png","width":200,"height":200,"caption":"7writers Textagentur"},"image":{"@id":"https:\/\/neu.sevenwriters.eu\/#\/schema\/logo\/image\/"}}]}},"_links":{"self":[{"href":"https:\/\/neu.sevenwriters.eu\/index.php?rest_route=\/wp\/v2\/pages\/1090","targetHints":{"allow":["GET"]}}],"collection":[{"href":"https:\/\/neu.sevenwriters.eu\/index.php?rest_route=\/wp\/v2\/pages"}],"about":[{"href":"https:\/\/neu.sevenwriters.eu\/index.php?rest_route=\/wp\/v2\/types\/page"}],"author":[{"embeddable":true,"href":"https:\/\/neu.sevenwriters.eu\/index.php?rest_route=\/wp\/v2\/users\/1"}],"replies":[{"embeddable":true,"href":"https:\/\/neu.sevenwriters.eu\/index.php?rest_route=%2Fwp%2Fv2%2Fcomments&post=1090"}],"version-history":[{"count":2,"href":"https:\/\/neu.sevenwriters.eu\/index.php?rest_route=\/wp\/v2\/pages\/1090\/revisions"}],"predecessor-version":[{"id":1342,"href":"https:\/\/neu.sevenwriters.eu\/index.php?rest_route=\/wp\/v2\/pages\/1090\/revisions\/1342"}],"wp:attachment":[{"href":"https:\/\/neu.sevenwriters.eu\/index.php?rest_route=%2Fwp%2Fv2%2Fmedia&parent=1090"}],"curies":[{"name":"wp","href":"https:\/\/api.w.org\/{rel}","templated":true}]}}